{"id":702,"date":"2023-11-08T13:10:07","date_gmt":"2023-11-08T12:10:07","guid":{"rendered":"http:\/\/actia.tech\/?page_id=702"},"modified":"2024-07-31T13:10:42","modified_gmt":"2024-07-31T11:10:42","slug":"desarrollo-tecnico","status":"publish","type":"page","link":"https:\/\/actia.tech\/?page_id=702","title":{"rendered":"Desarrollo t\u00e9cnico"},"content":{"rendered":"\t\t<div data-elementor-type=\"wp-page\" data-elementor-id=\"702\" class=\"elementor elementor-702\" data-elementor-post-type=\"page\">\n\t\t\t\t<div class=\"elementor-element elementor-element-858d9e1 e-flex e-con-boxed e-con e-parent\" data-id=\"858d9e1\" data-element_type=\"container\">\n\t\t\t\t\t<div class=\"e-con-inner\">\n\t\t\t\t<div class=\"elementor-element elementor-element-4e66171 elementor-widget elementor-widget-spacer\" data-id=\"4e66171\" data-element_type=\"widget\" data-widget_type=\"spacer.default\">\n\t\t\t\t<div class=\"elementor-widget-container\">\n\t\t\t\t\t\t\t<div class=\"elementor-spacer\">\n\t\t\t<div class=\"elementor-spacer-inner\"><\/div>\n\t\t<\/div>\n\t\t\t\t\t\t<\/div>\n\t\t\t\t<\/div>\n\t\t\t\t<div class=\"elementor-element elementor-element-b04ba3c elementor-widget elementor-widget-heading\" data-id=\"b04ba3c\" data-element_type=\"widget\" data-widget_type=\"heading.default\">\n\t\t\t\t<div class=\"elementor-widget-container\">\n\t\t\t\t\t<h2 class=\"elementor-heading-title elementor-size-default\">Procesos y soluciones industrializadas ACTIA <\/h2>\t\t\t\t<\/div>\n\t\t\t\t<\/div>\n\t\t\t\t\t<\/div>\n\t\t\t\t<\/div>\n\t\t<div class=\"elementor-element elementor-element-9ec4ecd e-flex e-con-boxed e-con e-parent\" data-id=\"9ec4ecd\" data-element_type=\"container\">\n\t\t\t\t\t<div class=\"e-con-inner\">\n\t\t\t\t<div class=\"elementor-element elementor-element-d399dc7 elementor-widget elementor-widget-spacer\" data-id=\"d399dc7\" data-element_type=\"widget\" data-widget_type=\"spacer.default\">\n\t\t\t\t<div class=\"elementor-widget-container\">\n\t\t\t\t\t\t\t<div class=\"elementor-spacer\">\n\t\t\t<div class=\"elementor-spacer-inner\"><\/div>\n\t\t<\/div>\n\t\t\t\t\t\t<\/div>\n\t\t\t\t<\/div>\n\t\t\t\t<div class=\"elementor-element elementor-element-0418b39 elementor-widget elementor-widget-video\" data-id=\"0418b39\" data-element_type=\"widget\" data-settings=\"{&quot;video_type&quot;:&quot;hosted&quot;,&quot;autoplay&quot;:&quot;yes&quot;,&quot;play_on_mobile&quot;:&quot;yes&quot;,&quot;loop&quot;:&quot;yes&quot;}\" data-widget_type=\"video.default\">\n\t\t\t\t<div class=\"elementor-widget-container\">\n\t\t\t\t\t\t\t<div class=\"e-hosted-video elementor-wrapper elementor-open-inline\">\n\t\t\t\t\t<video class=\"elementor-video\" src=\"https:\/\/actia.tech\/wp-content\/uploads\/2024\/07\/7165750-uhd_3840_2160_24fps.mp4\" autoplay=\"\" loop=\"\" playsinline=\"\" controlsList=\"nodownload\"><\/video>\n\t\t\t\t<\/div>\n\t\t\t\t\t\t<\/div>\n\t\t\t\t<\/div>\n\t\t\t\t\t<\/div>\n\t\t\t\t<\/div>\n\t\t<div class=\"elementor-element elementor-element-d989719 e-flex e-con-boxed e-con e-parent\" data-id=\"d989719\" data-element_type=\"container\">\n\t\t\t\t\t<div class=\"e-con-inner\">\n\t\t\t\t<div class=\"elementor-element elementor-element-81eca8d elementor-widget__width-initial elementor-widget elementor-widget-text-editor\" data-id=\"81eca8d\" data-element_type=\"widget\" data-widget_type=\"text-editor.default\">\n\t\t\t\t<div class=\"elementor-widget-container\">\n\t\t\t\t\t\t\t\t\t<div><span lang=\"ES\">Los soluciones industrializadas de ACTIA<b> <\/b>dan una respuesta integral un<b> 50% m\u00e1s r\u00e1pida<\/b>, con un <b>70% menos de tr\u00e1nsito<\/b> en obra y un material base como es la madera <b>100% sostenible<\/b> y neutro en carbono.<br \/><br \/>Nuestro desarrollo t\u00e9cnico ha sido testado a lo largo de d\u00e9cadas en centenares de obras de arquitectura e infraestructuras. Gracias a ello, los procesos garantizan ajuste, durabilidad y facilidad de mantenimiento. Estas son sus principales caracter\u00edsticas constructivas.<b><br \/><br \/><\/b><\/span><\/div>\t\t\t\t\t\t\t\t<\/div>\n\t\t\t\t<\/div>\n\t\t\t\t\t<\/div>\n\t\t\t\t<\/div>\n\t\t<div class=\"elementor-element elementor-element-6b172de e-flex e-con-boxed e-con e-parent\" data-id=\"6b172de\" data-element_type=\"container\">\n\t\t\t\t\t<div class=\"e-con-inner\">\n\t\t\t\t<div class=\"elementor-element elementor-element-426619d elementor-widget elementor-widget-heading\" data-id=\"426619d\" data-element_type=\"widget\" data-widget_type=\"heading.default\">\n\t\t\t\t<div class=\"elementor-widget-container\">\n\t\t\t\t\t<h2 class=\"elementor-heading-title elementor-size-default\">Fachadas<\/h2>\t\t\t\t<\/div>\n\t\t\t\t<\/div>\n\t\t<div class=\"elementor-element elementor-element-9b66fb0 e-flex e-con-boxed e-con e-child\" data-id=\"9b66fb0\" data-element_type=\"container\">\n\t\t\t\t\t<div class=\"e-con-inner\">\n\t\t\t\t\t<\/div>\n\t\t\t\t<\/div>\n\t\t\t\t\t<\/div>\n\t\t\t\t<\/div>\n\t\t<div class=\"elementor-element elementor-element-b3b6b6b e-flex e-con-boxed e-con e-parent\" data-id=\"b3b6b6b\" data-element_type=\"container\">\n\t\t\t\t\t<div class=\"e-con-inner\">\n\t\t\t\t<div class=\"elementor-element elementor-element-ebf2ad7 elementor-widget elementor-widget-spacer\" data-id=\"ebf2ad7\" data-element_type=\"widget\" data-widget_type=\"spacer.default\">\n\t\t\t\t<div class=\"elementor-widget-container\">\n\t\t\t\t\t\t\t<div class=\"elementor-spacer\">\n\t\t\t<div class=\"elementor-spacer-inner\"><\/div>\n\t\t<\/div>\n\t\t\t\t\t\t<\/div>\n\t\t\t\t<\/div>\n\t\t\t\t\t<\/div>\n\t\t\t\t<\/div>\n\t\t<div class=\"elementor-element elementor-element-834083d e-flex e-con-boxed e-con e-parent\" data-id=\"834083d\" data-element_type=\"container\" data-settings=\"{&quot;background_background&quot;:&quot;classic&quot;}\">\n\t\t\t\t\t<div class=\"e-con-inner\">\n\t\t\t\t<div class=\"elementor-element elementor-element-ce46c3e elementor-widget__width-inherit elementor-widget elementor-widget-image\" data-id=\"ce46c3e\" data-element_type=\"widget\" data-widget_type=\"image.default\">\n\t\t\t\t<div class=\"elementor-widget-container\">\n\t\t\t\t\t\t\t\t\t\t\t\t\t\t\t<img fetchpriority=\"high\" decoding=\"async\" width=\"2560\" height=\"1440\" src=\"https:\/\/actia.tech\/wp-content\/uploads\/2024\/07\/FACHADA_w-scaled.jpg\" class=\"attachment-full size-full wp-image-1128\" alt=\"\" srcset=\"https:\/\/actia.tech\/wp-content\/uploads\/2024\/07\/FACHADA_w-scaled.jpg 2560w, https:\/\/actia.tech\/wp-content\/uploads\/2024\/07\/FACHADA_w-300x169.jpg 300w, https:\/\/actia.tech\/wp-content\/uploads\/2024\/07\/FACHADA_w-1024x576.jpg 1024w, https:\/\/actia.tech\/wp-content\/uploads\/2024\/07\/FACHADA_w-768x432.jpg 768w, https:\/\/actia.tech\/wp-content\/uploads\/2024\/07\/FACHADA_w-1536x864.jpg 1536w, https:\/\/actia.tech\/wp-content\/uploads\/2024\/07\/FACHADA_w-2048x1152.jpg 2048w\" sizes=\"(max-width: 2560px) 100vw, 2560px\" \/>\t\t\t\t\t\t\t\t\t\t\t\t\t\t\t<\/div>\n\t\t\t\t<\/div>\n\t\t\t\t\t<\/div>\n\t\t\t\t<\/div>\n\t\t<div class=\"elementor-element elementor-element-c072baf e-flex e-con-boxed e-con e-parent\" data-id=\"c072baf\" data-element_type=\"container\">\n\t\t\t\t\t<div class=\"e-con-inner\">\n\t\t\t\t<div class=\"elementor-element elementor-element-ed80bc0 elementor-widget elementor-widget-spacer\" data-id=\"ed80bc0\" data-element_type=\"widget\" data-widget_type=\"spacer.default\">\n\t\t\t\t<div class=\"elementor-widget-container\">\n\t\t\t\t\t\t\t<div class=\"elementor-spacer\">\n\t\t\t<div class=\"elementor-spacer-inner\"><\/div>\n\t\t<\/div>\n\t\t\t\t\t\t<\/div>\n\t\t\t\t<\/div>\n\t\t\t\t\t<\/div>\n\t\t\t\t<\/div>\n\t\t<div class=\"elementor-element elementor-element-7d169e5 e-flex e-con-boxed e-con e-parent\" data-id=\"7d169e5\" data-element_type=\"container\">\n\t\t\t\t\t<div class=\"e-con-inner\">\n\t\t\t\t<div class=\"elementor-element elementor-element-28d0737 elementor-widget-tablet__width-initial elementor-widget-mobile__width-initial elementor-widget elementor-widget-text-editor\" data-id=\"28d0737\" data-element_type=\"widget\" data-widget_type=\"text-editor.default\">\n\t\t\t\t<div class=\"elementor-widget-container\">\n\t\t\t\t\t\t\t\t\t<p style=\"font-weight: 400;\">Nuestra fachada industrializada en madera es un sistema ventilado de elementos prefabricados de composite apto para los requerimientos m\u00e1s estrictos. Sus ventajas son:<br \/><br \/><strong>1. Durabilidad<\/strong> | Resistente a la intemperie, la humedad y la corrosi\u00f3n.<\/p><ol start=\"2\"><li style=\"font-weight: 400;\"><strong> Versatilidad<\/strong> | Imita una variedad de acabados, aportando m\u00e1xima flexibilidad.<\/li><li style=\"font-weight: 400;\"><strong> Bajo mantenimiento<\/strong> | Inferior a materiales como la madera o el estuco.<\/li><li style=\"font-weight: 400;\"><strong> Aislamiento t\u00e9rmico<\/strong> | Contribuye a la eficiencia energ\u00e9tica del edificio.<\/li><li style=\"font-weight: 400;\"><strong> Ligereza<\/strong> | Facilita su instalaci\u00f3n y reduce las demandas estructurales.<\/li><\/ol><p style=\"font-weight: 400;\">El aislamiento t\u00e9rmico es de panel r\u00edgido de fibras de madera que se plantea por el interior del muro de entramado. Cuenta con una l\u00e1mina impermeable por el exterior con armadura de 0,4 mm de espesor y 112 g\/m\u00b2.<\/p><p style=\"font-weight: 400;\">El montaje se plantea como paneles de gran formato fijados en la estructura. Visualmente es un revestimiento continuo que da una visi\u00f3n unitaria del conjunto de la fachada y del proyecto, al contrario que otros sistemas que concluyen como un agregado de m\u00f3dulos separados.<\/p>\t\t\t\t\t\t\t\t<\/div>\n\t\t\t\t<\/div>\n\t\t<div class=\"elementor-element elementor-element-9d8ec74 e-flex e-con-boxed e-con e-child\" data-id=\"9d8ec74\" data-element_type=\"container\">\n\t\t\t\t\t<div class=\"e-con-inner\">\n\t\t\t\t\t<\/div>\n\t\t\t\t<\/div>\n\t\t\t\t\t<\/div>\n\t\t\t\t<\/div>\n\t\t<div class=\"elementor-element elementor-element-94abcd0 e-flex e-con-boxed e-con e-parent\" data-id=\"94abcd0\" data-element_type=\"container\">\n\t\t\t\t\t<div class=\"e-con-inner\">\n\t\t\t\t<div class=\"elementor-element elementor-element-9076702 elementor-widget elementor-widget-heading\" data-id=\"9076702\" data-element_type=\"widget\" data-widget_type=\"heading.default\">\n\t\t\t\t<div class=\"elementor-widget-container\">\n\t\t\t\t\t<h2 class=\"elementor-heading-title elementor-size-default\">Forjado<\/h2>\t\t\t\t<\/div>\n\t\t\t\t<\/div>\n\t\t\t\t\t<\/div>\n\t\t\t\t<\/div>\n\t\t<div class=\"elementor-element elementor-element-b6dcbad e-flex e-con-boxed e-con e-parent\" data-id=\"b6dcbad\" data-element_type=\"container\">\n\t\t\t\t\t<div class=\"e-con-inner\">\n\t\t\t\t<div class=\"elementor-element elementor-element-d6d7634 elementor-widget elementor-widget-spacer\" data-id=\"d6d7634\" data-element_type=\"widget\" data-widget_type=\"spacer.default\">\n\t\t\t\t<div class=\"elementor-widget-container\">\n\t\t\t\t\t\t\t<div class=\"elementor-spacer\">\n\t\t\t<div class=\"elementor-spacer-inner\"><\/div>\n\t\t<\/div>\n\t\t\t\t\t\t<\/div>\n\t\t\t\t<\/div>\n\t\t\t\t\t<\/div>\n\t\t\t\t<\/div>\n\t\t<div class=\"elementor-element elementor-element-83d5ff8 e-flex e-con-boxed e-con e-parent\" data-id=\"83d5ff8\" data-element_type=\"container\" data-settings=\"{&quot;background_background&quot;:&quot;classic&quot;}\">\n\t\t\t\t\t<div class=\"e-con-inner\">\n\t\t<div class=\"elementor-element elementor-element-73b2f1e e-flex e-con-boxed e-con e-child\" data-id=\"73b2f1e\" data-element_type=\"container\">\n\t\t\t\t\t<div class=\"e-con-inner\">\n\t\t\t\t<div class=\"elementor-element elementor-element-9635963 elementor-widget__width-inherit elementor-widget elementor-widget-image\" data-id=\"9635963\" data-element_type=\"widget\" data-widget_type=\"image.default\">\n\t\t\t\t<div class=\"elementor-widget-container\">\n\t\t\t\t\t\t\t\t\t\t\t\t\t\t\t<img decoding=\"async\" width=\"2560\" height=\"1440\" src=\"https:\/\/actia.tech\/wp-content\/uploads\/2024\/07\/FROJADO_w-scaled.jpg\" class=\"attachment-full size-full wp-image-1129\" alt=\"\" srcset=\"https:\/\/actia.tech\/wp-content\/uploads\/2024\/07\/FROJADO_w-scaled.jpg 2560w, https:\/\/actia.tech\/wp-content\/uploads\/2024\/07\/FROJADO_w-300x169.jpg 300w, https:\/\/actia.tech\/wp-content\/uploads\/2024\/07\/FROJADO_w-1024x576.jpg 1024w, https:\/\/actia.tech\/wp-content\/uploads\/2024\/07\/FROJADO_w-768x432.jpg 768w, https:\/\/actia.tech\/wp-content\/uploads\/2024\/07\/FROJADO_w-1536x864.jpg 1536w, https:\/\/actia.tech\/wp-content\/uploads\/2024\/07\/FROJADO_w-2048x1152.jpg 2048w\" sizes=\"(max-width: 2560px) 100vw, 2560px\" \/>\t\t\t\t\t\t\t\t\t\t\t\t\t\t\t<\/div>\n\t\t\t\t<\/div>\n\t\t\t\t\t<\/div>\n\t\t\t\t<\/div>\n\t\t\t\t\t<\/div>\n\t\t\t\t<\/div>\n\t\t<div class=\"elementor-element elementor-element-795a5f3 e-flex e-con-boxed e-con e-parent\" data-id=\"795a5f3\" data-element_type=\"container\">\n\t\t\t\t\t<div class=\"e-con-inner\">\n\t\t\t\t<div class=\"elementor-element elementor-element-a7f79a3 elementor-widget elementor-widget-spacer\" data-id=\"a7f79a3\" data-element_type=\"widget\" data-widget_type=\"spacer.default\">\n\t\t\t\t<div class=\"elementor-widget-container\">\n\t\t\t\t\t\t\t<div class=\"elementor-spacer\">\n\t\t\t<div class=\"elementor-spacer-inner\"><\/div>\n\t\t<\/div>\n\t\t\t\t\t\t<\/div>\n\t\t\t\t<\/div>\n\t\t\t\t\t<\/div>\n\t\t\t\t<\/div>\n\t\t<div class=\"elementor-element elementor-element-3f62cdc e-flex e-con-boxed e-con e-parent\" data-id=\"3f62cdc\" data-element_type=\"container\">\n\t\t\t\t\t<div class=\"e-con-inner\">\n\t\t\t\t<div class=\"elementor-element elementor-element-ba98122 elementor-widget-tablet__width-initial elementor-widget elementor-widget-text-editor\" data-id=\"ba98122\" data-element_type=\"widget\" data-widget_type=\"text-editor.default\">\n\t\t\t\t<div class=\"elementor-widget-container\">\n\t\t\t\t\t\t\t\t\t<p style=\"font-weight: 400;\">Entramado ligero de madera con aislamiento de fibra de madera y solera seca de Fermacell que combina varios elementos para proporcionar aislamiento t\u00e9rmico, resistencia estructural y un acabado de alta calidad.<\/p><ul><li>La base del forjado es un <strong>entramado de madera<\/strong> que consiste en vigas y montantes de madera de 280\u00d7160 mm de secci\u00f3n que se ensamblan con precisi\u00f3n milim\u00e9trica en f\u00e1brica y se colocan sobre los muros para soportar el piso superior.<\/li><li>Aislamiento de <strong>fibra de madera tipo Steico<\/strong> entre las vigas del entramado.<\/li><li>Solera seca de Fermacell. <strong>Paneles de yeso reforzado con fibras de celulosa y cemento<\/strong> y acabado resistente y duradero. Se fijan con tornillos y adhesivo y permiten una superficie lista para los acabados finales.<\/li><li>Falso techo por debajo del entramado formado por <strong>rastreles transversales<\/strong> de 30x20mm que sirve de fijaci\u00f3n de la doble placa de Fermacell de 12,5m para aportar una reducci\u00f3n del ruido de a\u00e9reo y de impacto entre unidades de uso.<\/li><\/ul>\t\t\t\t\t\t\t\t<\/div>\n\t\t\t\t<\/div>\n\t\t\t\t\t<\/div>\n\t\t\t\t<\/div>\n\t\t<div class=\"elementor-element elementor-element-7532533 e-flex e-con-boxed e-con e-parent\" data-id=\"7532533\" data-element_type=\"container\">\n\t\t\t\t\t<div class=\"e-con-inner\">\n\t\t\t\t\t<\/div>\n\t\t\t\t<\/div>\n\t\t<div class=\"elementor-element elementor-element-79499c7 e-flex e-con-boxed e-con e-parent\" data-id=\"79499c7\" data-element_type=\"container\">\n\t\t\t\t\t<div class=\"e-con-inner\">\n\t\t\t\t<div class=\"elementor-element elementor-element-53929fa elementor-widget elementor-widget-heading\" data-id=\"53929fa\" data-element_type=\"widget\" data-widget_type=\"heading.default\">\n\t\t\t\t<div class=\"elementor-widget-container\">\n\t\t\t\t\t<h2 class=\"elementor-heading-title elementor-size-default\">Cubiertas<\/h2>\t\t\t\t<\/div>\n\t\t\t\t<\/div>\n\t\t\t\t\t<\/div>\n\t\t\t\t<\/div>\n\t\t<div class=\"elementor-element elementor-element-14cb968 e-flex e-con-boxed e-con e-parent\" data-id=\"14cb968\" data-element_type=\"container\">\n\t\t\t\t\t<div class=\"e-con-inner\">\n\t\t\t\t<div class=\"elementor-element elementor-element-a99e0e2 elementor-widget elementor-widget-spacer\" data-id=\"a99e0e2\" data-element_type=\"widget\" data-widget_type=\"spacer.default\">\n\t\t\t\t<div class=\"elementor-widget-container\">\n\t\t\t\t\t\t\t<div class=\"elementor-spacer\">\n\t\t\t<div class=\"elementor-spacer-inner\"><\/div>\n\t\t<\/div>\n\t\t\t\t\t\t<\/div>\n\t\t\t\t<\/div>\n\t\t\t\t\t<\/div>\n\t\t\t\t<\/div>\n\t\t<div class=\"elementor-element elementor-element-f3cc7b6 e-flex e-con-boxed e-con e-parent\" data-id=\"f3cc7b6\" data-element_type=\"container\" data-settings=\"{&quot;background_background&quot;:&quot;classic&quot;}\">\n\t\t\t\t\t<div class=\"e-con-inner\">\n\t\t\t\t<div class=\"elementor-element elementor-element-828427d elementor-widget__width-inherit elementor-widget elementor-widget-image\" data-id=\"828427d\" data-element_type=\"widget\" data-widget_type=\"image.default\">\n\t\t\t\t<div class=\"elementor-widget-container\">\n\t\t\t\t\t\t\t\t\t\t\t\t\t\t\t<img decoding=\"async\" width=\"2560\" height=\"1440\" src=\"https:\/\/actia.tech\/wp-content\/uploads\/2024\/07\/CUBIERTA-PLANA_w-scaled.jpg\" class=\"attachment-full size-full wp-image-1127\" alt=\"\" srcset=\"https:\/\/actia.tech\/wp-content\/uploads\/2024\/07\/CUBIERTA-PLANA_w-scaled.jpg 2560w, https:\/\/actia.tech\/wp-content\/uploads\/2024\/07\/CUBIERTA-PLANA_w-300x169.jpg 300w, https:\/\/actia.tech\/wp-content\/uploads\/2024\/07\/CUBIERTA-PLANA_w-1024x576.jpg 1024w, https:\/\/actia.tech\/wp-content\/uploads\/2024\/07\/CUBIERTA-PLANA_w-768x432.jpg 768w, https:\/\/actia.tech\/wp-content\/uploads\/2024\/07\/CUBIERTA-PLANA_w-1536x864.jpg 1536w, https:\/\/actia.tech\/wp-content\/uploads\/2024\/07\/CUBIERTA-PLANA_w-2048x1152.jpg 2048w\" sizes=\"(max-width: 2560px) 100vw, 2560px\" \/>\t\t\t\t\t\t\t\t\t\t\t\t\t\t\t<\/div>\n\t\t\t\t<\/div>\n\t\t\t\t\t<\/div>\n\t\t\t\t<\/div>\n\t\t<div class=\"elementor-element elementor-element-89ae0c9 e-flex e-con-boxed e-con e-parent\" data-id=\"89ae0c9\" data-element_type=\"container\">\n\t\t\t\t\t<div class=\"e-con-inner\">\n\t\t\t\t\t<\/div>\n\t\t\t\t<\/div>\n\t\t<div class=\"elementor-element elementor-element-1dae8b3 e-flex e-con-boxed e-con e-parent\" data-id=\"1dae8b3\" data-element_type=\"container\">\n\t\t\t\t\t<div class=\"e-con-inner\">\n\t\t\t\t<div class=\"elementor-element elementor-element-e0db896 elementor-widget-tablet__width-initial elementor-widget elementor-widget-text-editor\" data-id=\"e0db896\" data-element_type=\"widget\" data-widget_type=\"text-editor.default\">\n\t\t\t\t<div class=\"elementor-widget-container\">\n\t\t\t\t\t\t\t\t\t<p style=\"font-weight: 400;\">Las cubiertas del sistema ACTIA son planas, con una pendiente en torno al 2%, incorporando un sistema especial que permita el drenaje del agua de lluvia y eviten la acumulaci\u00f3n.<\/p><p style=\"font-weight: 400;\">La composici\u00f3n de elementos es:<\/p><ol><li style=\"font-weight: 400;\"><strong> Rastrelado<\/strong> | Vigas o listones de madera o metal dispuestos para crear una ligera pendiente hacia los puntos de drenaje.<\/li><li style=\"font-weight: 400;\"><strong> Panel OSB<\/strong> | <em>Oriented strand board<\/em> de 18 mm de espesor que proporciona una base s\u00f3lida y uniforme para la cubierta y contribuye a su resistencia estructural.<\/li><li style=\"font-weight: 400;\"><strong> L\u00e1mina impermeabilizante<\/strong> | PVC que proporciona la protecci\u00f3n necesaria.<\/li><li style=\"font-weight: 400;\"><strong> Acabado cer\u00e1mico<\/strong> | Resistente a inclemencias, de aspecto est\u00e9tico atractivo y que permite la correcta transitabilidad de la cubierta.<\/li><\/ol>\t\t\t\t\t\t\t\t<\/div>\n\t\t\t\t<\/div>\n\t\t\t\t\t<\/div>\n\t\t\t\t<\/div>\n\t\t<div class=\"elementor-element elementor-element-3aace5a e-flex e-con-boxed e-con e-parent\" data-id=\"3aace5a\" data-element_type=\"container\">\n\t\t\t\t\t<div class=\"e-con-inner\">\n\t\t\t\t<div class=\"elementor-element elementor-element-b68376b elementor-widget elementor-widget-spacer\" data-id=\"b68376b\" data-element_type=\"widget\" data-widget_type=\"spacer.default\">\n\t\t\t\t<div class=\"elementor-widget-container\">\n\t\t\t\t\t\t\t<div class=\"elementor-spacer\">\n\t\t\t<div class=\"elementor-spacer-inner\"><\/div>\n\t\t<\/div>\n\t\t\t\t\t\t<\/div>\n\t\t\t\t<\/div>\n\t\t\t\t\t<\/div>\n\t\t\t\t<\/div>\n\t\t<div class=\"elementor-element elementor-element-b21a9a5 e-flex e-con-boxed e-con e-parent\" data-id=\"b21a9a5\" data-element_type=\"container\">\n\t\t\t\t\t<div class=\"e-con-inner\">\n\t\t\t\t<div class=\"elementor-element elementor-element-b1ba646 elementor-widget elementor-widget-heading\" data-id=\"b1ba646\" data-element_type=\"widget\" data-widget_type=\"heading.default\">\n\t\t\t\t<div class=\"elementor-widget-container\">\n\t\t\t\t\t<h2 class=\"elementor-heading-title elementor-size-default\">Estructura<\/h2>\t\t\t\t<\/div>\n\t\t\t\t<\/div>\n\t\t\t\t\t<\/div>\n\t\t\t\t<\/div>\n\t\t<div class=\"elementor-element elementor-element-0510065 e-flex e-con-boxed e-con e-parent\" data-id=\"0510065\" data-element_type=\"container\">\n\t\t\t\t\t<div class=\"e-con-inner\">\n\t\t\t\t<div class=\"elementor-element elementor-element-6f587f7 elementor-widget elementor-widget-spacer\" data-id=\"6f587f7\" data-element_type=\"widget\" data-widget_type=\"spacer.default\">\n\t\t\t\t<div class=\"elementor-widget-container\">\n\t\t\t\t\t\t\t<div class=\"elementor-spacer\">\n\t\t\t<div class=\"elementor-spacer-inner\"><\/div>\n\t\t<\/div>\n\t\t\t\t\t\t<\/div>\n\t\t\t\t<\/div>\n\t\t\t\t\t<\/div>\n\t\t\t\t<\/div>\n\t\t<div class=\"elementor-element elementor-element-0cdc23a e-flex e-con-boxed e-con e-parent\" data-id=\"0cdc23a\" data-element_type=\"container\" data-settings=\"{&quot;background_background&quot;:&quot;classic&quot;}\">\n\t\t\t\t\t<div class=\"e-con-inner\">\n\t\t\t\t<div class=\"elementor-element elementor-element-3727a21 elementor-widget__width-inherit elementor-widget elementor-widget-image\" data-id=\"3727a21\" data-element_type=\"widget\" data-widget_type=\"image.default\">\n\t\t\t\t<div class=\"elementor-widget-container\">\n\t\t\t\t\t\t\t\t\t\t\t\t\t\t\t<img loading=\"lazy\" decoding=\"async\" width=\"2560\" height=\"1440\" src=\"https:\/\/actia.tech\/wp-content\/uploads\/2024\/07\/TABIQUE_w-scaled.jpg\" class=\"attachment-full size-full wp-image-1140\" alt=\"\" srcset=\"https:\/\/actia.tech\/wp-content\/uploads\/2024\/07\/TABIQUE_w-scaled.jpg 2560w, https:\/\/actia.tech\/wp-content\/uploads\/2024\/07\/TABIQUE_w-300x169.jpg 300w, https:\/\/actia.tech\/wp-content\/uploads\/2024\/07\/TABIQUE_w-1024x576.jpg 1024w, https:\/\/actia.tech\/wp-content\/uploads\/2024\/07\/TABIQUE_w-768x432.jpg 768w, https:\/\/actia.tech\/wp-content\/uploads\/2024\/07\/TABIQUE_w-1536x864.jpg 1536w, https:\/\/actia.tech\/wp-content\/uploads\/2024\/07\/TABIQUE_w-2048x1152.jpg 2048w\" sizes=\"(max-width: 2560px) 100vw, 2560px\" \/>\t\t\t\t\t\t\t\t\t\t\t\t\t\t\t<\/div>\n\t\t\t\t<\/div>\n\t\t\t\t\t<\/div>\n\t\t\t\t<\/div>\n\t\t<div class=\"elementor-element elementor-element-c64a929 e-flex e-con-boxed e-con e-parent\" data-id=\"c64a929\" data-element_type=\"container\">\n\t\t\t\t\t<div class=\"e-con-inner\">\n\t\t\t\t<div class=\"elementor-element elementor-element-2cb8e31 elementor-widget elementor-widget-spacer\" data-id=\"2cb8e31\" data-element_type=\"widget\" data-widget_type=\"spacer.default\">\n\t\t\t\t<div class=\"elementor-widget-container\">\n\t\t\t\t\t\t\t<div class=\"elementor-spacer\">\n\t\t\t<div class=\"elementor-spacer-inner\"><\/div>\n\t\t<\/div>\n\t\t\t\t\t\t<\/div>\n\t\t\t\t<\/div>\n\t\t\t\t\t<\/div>\n\t\t\t\t<\/div>\n\t\t<div class=\"elementor-element elementor-element-3341398 e-flex e-con-boxed e-con e-parent\" data-id=\"3341398\" data-element_type=\"container\">\n\t\t\t\t\t<div class=\"e-con-inner\">\n\t\t\t\t<div class=\"elementor-element elementor-element-303a567 elementor-widget-tablet__width-initial elementor-widget elementor-widget-text-editor\" data-id=\"303a567\" data-element_type=\"widget\" data-widget_type=\"text-editor.default\">\n\t\t\t\t<div class=\"elementor-widget-container\">\n\t\t\t\t\t\t\t\t\t<p style=\"font-weight: 400;\">Sistema prefabricado de componentes 2D que conforman tanto los muros como los forjados y fabricado completamente con <strong>entramado ligero de madera<\/strong> previamente ensamblado en la factor\u00eda industrial. La instalaci\u00f3n <em>on site<\/em> es altamente eficiente y se realiza mediante tornillos y herrajes en la estructura subyacente.<\/p><p style=\"font-weight: 400;\"><strong>Plano vertical | MUROS<\/strong><\/p><p style=\"font-weight: 400;\">Los muros de carga se ubican en el per\u00edmetro del edificio, siguiendo la envolvente del mismo. En el interior se sit\u00faa una segunda l\u00ednea de soporte vertical a una distancia m\u00e1xima de 6,55 metros que funciona de apoyo para los componentes horizontales que conforman los forjados. En el centro del edificio se encuentra el n\u00facleo de ascensor y la escalera, que act\u00faan como <strong>elementos r\u00edgidos<\/strong> de la construcci\u00f3n.<\/p><p style=\"font-weight: 400;\">La estabilidad estructural se garantiza mediante montantes interiores separados cada 30 cm desde la planta baja a la planta tercera y cada 60 cm en la planta cuarta. Se fabrican <strong>en madera microlaminada<\/strong> o LVL, producto de ingenier\u00eda que se compone de chapas de madera encoladas que proporcionan resistencia a la flexi\u00f3n, estabilidad dimensional y rectitud. La rigidez de los muros se garantiza al colocar paneles Fermacell en ambos lados y fijarlos al bastidor mismo.<\/p>\t\t\t\t\t\t\t\t<\/div>\n\t\t\t\t<\/div>\n\t\t<div class=\"elementor-element elementor-element-e548567 e-con-full e-flex e-con e-child\" data-id=\"e548567\" data-element_type=\"container\">\n\t\t\t\t<\/div>\n\t\t\t\t\t<\/div>\n\t\t\t\t<\/div>\n\t\t\t\t<\/div>\n\t\t","protected":false},"excerpt":{"rendered":"<p>Procesos y soluciones industrializadas ACTIA https:\/\/actia.tech\/wp-content\/uploads\/2024\/07\/7165750-uhd_3840_2160_24fps.mp4Los soluciones industrializadas de ACTIA dan una respuesta integral un 50% m\u00e1s r\u00e1pida, con un 70% menos de tr\u00e1nsito en obra y un material base como es la madera 100% sostenible y neutro en carbono. Nuestro desarrollo t\u00e9cnico ha sido testado a lo largo de d\u00e9cadas en centenares de obras &#8230; <a title=\"Desarrollo t\u00e9cnico\" class=\"read-more\" href=\"https:\/\/actia.tech\/?page_id=702\" aria-label=\"Leer m\u00e1s sobre Desarrollo t\u00e9cnico\">Leer m\u00e1s<\/a><\/p>\n","protected":false},"author":1,"featured_media":0,"parent":0,"menu_order":0,"comment_status":"closed","ping_status":"closed","template":"","meta":{"footnotes":""},"class_list":["post-702","page","type-page","status-publish"],"_links":{"self":[{"href":"https:\/\/actia.tech\/index.php?rest_route=\/wp\/v2\/pages\/702","targetHints":{"allow":["GET"]}}],"collection":[{"href":"https:\/\/actia.tech\/index.php?rest_route=\/wp\/v2\/pages"}],"about":[{"href":"https:\/\/actia.tech\/index.php?rest_route=\/wp\/v2\/types\/page"}],"author":[{"embeddable":true,"href":"https:\/\/actia.tech\/index.php?rest_route=\/wp\/v2\/users\/1"}],"replies":[{"embeddable":true,"href":"https:\/\/actia.tech\/index.php?rest_route=%2Fwp%2Fv2%2Fcomments&post=702"}],"version-history":[{"count":114,"href":"https:\/\/actia.tech\/index.php?rest_route=\/wp\/v2\/pages\/702\/revisions"}],"predecessor-version":[{"id":1226,"href":"https:\/\/actia.tech\/index.php?rest_route=\/wp\/v2\/pages\/702\/revisions\/1226"}],"wp:attachment":[{"href":"https:\/\/actia.tech\/index.php?rest_route=%2Fwp%2Fv2%2Fmedia&parent=702"}],"curies":[{"name":"wp","href":"https:\/\/api.w.org\/{rel}","templated":true}]}}